{"id":2395,"date":"2023-04-24T08:29:32","date_gmt":"2023-04-24T07:29:32","guid":{"rendered":"https:\/\/support.pt.lu\/?page_id=2395"},"modified":"2023-11-07T10:55:56","modified_gmt":"2023-11-07T09:55:56","slug":"why-should-imap-be-preferred-over-pop","status":"publish","type":"page","link":"https:\/\/support.pt.lu\/fr\/why-should-imap-be-preferred-over-pop\/","title":{"rendered":"Pourquoi faut-il pr\u00e9f\u00e9rer IMAP \u00e0 POP ?"},"content":{"rendered":"<p>IMAP (Internet Message Access Protocol) et POP (Post Office Protocol) sont tous deux des protocoles de messagerie &#xE9;lectronique utilis&#xE9;s pour r&#xE9;cup&#xE9;rer les messages &#xE9;lectroniques sur un serveur. Toutefois, le protocole IMAP offre plusieurs avantages par rapport au protocole POP, ce qui en fait un meilleur choix pour de nombreux utilisateurs.<\/p>\n\n\n\n<ul class=\"wp-block-list\">\n<li><strong>Synchronisation<\/strong> : IMAP vous permet de synchroniser votre courrier &#xE9;lectronique sur plusieurs appareils, y compris les smartphones, les tablettes et les ordinateurs. Lorsque vous lisez, supprimez ou d&#xE9;placez un message sur un appareil, ces modifications sont r&#xE9;percut&#xE9;es sur tous vos autres appareils. Le protocole POP, quant &#xE0; lui, t&#xE9;l&#xE9;charge vos messages sur votre appareil local, puis les supprime du serveur, de sorte que votre courrier &#xE9;lectronique n&#x2019;est disponible que sur l&#x2019;appareil o&#xF9; il a &#xE9;t&#xE9; t&#xE9;l&#xE9;charg&#xE9;.<\/li>\n\n\n\n<li><strong>Stockage<\/strong> : Le protocole IMAP stockant vos messages sur le serveur, vous pouvez acc&#xE9;der &#xE0; l&#x2019;ensemble de vos archives &#xE9;lectroniques &#xE0; partir de n&#x2019;importe quel appareil disposant d&#x2019;une connexion internet. Avec le protocole POP, une fois que le courrier &#xE9;lectronique est t&#xE9;l&#xE9;charg&#xE9; sur votre appareil, il n&#x2019;est plus disponible sur le serveur. Cela peut limiter votre capacit&#xE9; &#xE0; acc&#xE9;der &#xE0; vos archives &#xE9;lectroniques &#xE0; partir d&#x2019;autres appareils ou &#xE0; effectuer des sauvegardes. Une autre diff&#xE9;rence essentielle entre POP3 et IMAP est qu&#x2019;en utilisant le protocole POP3, l&#x2019;utilisateur doit t&#xE9;l&#xE9;charger le courrier avant d&#x2019;y acc&#xE9;der, alors qu&#x2019;en utilisant le protocole IMAP, l&#x2019;utilisateur peut partiellement v&#xE9;rifier le contenu du courrier avant de le t&#xE9;l&#xE9;charger.<\/li>\n\n\n\n<li><strong>Recherche <\/strong>: Le protocole IMAP vous permet de rechercher l&#x2019;ensemble de vos archives de courrier &#xE9;lectronique sur le serveur, y compris les messages qui ne sont pas encore t&#xE9;l&#xE9;charg&#xE9;s sur votre appareil. Le protocole POP, quant &#xE0; lui, ne permet de rechercher que les messages qui ont &#xE9;t&#xE9; t&#xE9;l&#xE9;charg&#xE9;s sur votre appareil.<\/li>\n\n\n\n<li><strong>S&#xE9;curit&#xE9; <\/strong>: IMAP prend en charge des protocoles de cryptage tels que SSL et TLS, qui cryptent le trafic de courrier &#xE9;lectronique entre votre appareil et le serveur. En revanche, le protocole POP n&#x2019;offre pas de cryptage par d&#xE9;faut, ce qui signifie que votre courrier &#xE9;lectronique peut &#xEA;tre intercept&#xE9; et lu par des pirates si vous utilisez une connexion non s&#xE9;curis&#xE9;e.<\/li>\n<\/ul>\n\n\n\n<h2 class=\"wp-block-heading\">Tableau de comparaison<\/h2>\n\n\n\n<figure class=\"wp-block-table\"><table><tbody><tr><td><\/td><td class=\"has-text-align-left\" data-align=\"left\"><strong>POP3<\/strong><\/td><td class=\"has-text-align-left\" data-align=\"left\"><strong>IMAP<\/strong><\/td><\/tr><tr><td><strong>De base<\/strong><\/td><td class=\"has-text-align-left\" data-align=\"left\">Pour lire le courrier, il faut d&#x2019;abord le t&#xE9;l&#xE9;charger.<\/td><td class=\"has-text-align-left\" data-align=\"left\">Le contenu du courrier peut &#xEA;tre partiellement v&#xE9;rifi&#xE9; avant le t&#xE9;l&#xE9;chargement.<\/td><\/tr><tr><td><strong>Organiser<\/strong><\/td><td class=\"has-text-align-left\" data-align=\"left\">L&#x2019;utilisateur ne peut pas organiser les courriers dans la bo&#xEE;te aux lettres du serveur de messagerie.<\/td><td class=\"has-text-align-left\" data-align=\"left\">L&#x2019;utilisateur peut organiser les courriers sur le serveur.<\/td><\/tr><tr><td><strong>Dossier<\/strong><\/td><td class=\"has-text-align-left\" data-align=\"left\">L&#x2019;utilisateur ne peut pas cr&#xE9;er, supprimer ou renommer des bo&#xEE;tes aux lettres sur un serveur de messagerie.<\/td><td class=\"has-text-align-left\" data-align=\"left\">L&#x2019;utilisateur peut cr&#xE9;er, supprimer ou renommer des bo&#xEE;tes aux lettres sur le serveur de messagerie.<\/td><\/tr><tr><td><strong>Contenu<\/strong><\/td><td class=\"has-text-align-left\" data-align=\"left\">Un utilisateur ne peut pas rechercher le contenu d&#x2019;un courrier pour le t&#xE9;l&#xE9;charger au pr&#xE9;alable.<\/td><td class=\"has-text-align-left\" data-align=\"left\">Un utilisateur peut rechercher une cha&#xEE;ne de caract&#xE8;res sp&#xE9;cifique dans le contenu d&#x2019;un message avant de le t&#xE9;l&#xE9;charger.<\/td><\/tr><tr><td><strong>T&#xE9;l&#xE9;chargement partiel<\/strong><\/td><td class=\"has-text-align-left\" data-align=\"left\">L&#x2019;utilisateur doit t&#xE9;l&#xE9;charger le courrier pour y acc&#xE9;der.<\/td><td class=\"has-text-align-left\" data-align=\"left\">L&#x2019;utilisateur peut t&#xE9;l&#xE9;charger partiellement le courrier si la bande passante est limit&#xE9;e.<\/td><\/tr><tr><td><strong>Fonctions<\/strong><\/td><td class=\"has-text-align-left\" data-align=\"left\">POP3 est simple et a des fonctions limit&#xE9;es.<\/td><td class=\"has-text-align-left\" data-align=\"left\">IMAP est plus efficace, plus complexe et dispose de plus de fonctionnalit&#xE9;s que POP3.<\/td><\/tr><\/tbody><\/table><\/figure>\n\n\n\n<p>En r&#xE9;sum&#xE9;, IMAP est g&#xE9;n&#xE9;ralement consid&#xE9;r&#xE9; comme un meilleur choix que POP pour la plupart des utilisateurs, car il offre des avantages en mati&#xE8;re de synchronisation, de stockage, de recherche et de s&#xE9;curit&#xE9;. Toutefois, si vous disposez d&#x2019;un espace de stockage limit&#xE9; sur votre appareil et que vous n&#x2019;avez pas besoin d&#x2019;acc&#xE9;der &#xE0; votre courrier &#xE9;lectronique &#xE0; partir de plusieurs appareils, ou si vous avez des besoins particuliers en mati&#xE8;re d&#x2019;acc&#xE8;s &#xE0; votre bo&#xEE;te aux lettres, le protocole POP peut encore &#xEA;tre une option viable.<\/p>\n\n\n\n<p>La plupart des clients de messagerie r&#xE9;cents pr&#xE9;f&#xE8;rent IMAP &#xE0; POP lors de la cr&#xE9;ation d&#x2019;un nouveau compte de messagerie.<\/p>\n","protected":false},"excerpt":{"rendered":"<p>IMAP (Internet Message Access Protocol) et POP (Post Office Protocol) sont tous deux des protocoles de messagerie &#xE9;lectronique utilis&#xE9;s pour r&#xE9;cup&#xE9;rer les messages &#xE9;lectroniques sur un serveur. Toutefois, le protocole IMAP offre plusieurs avantages par rapport au protocole POP, ce qui en fait un meilleur choix pour de nombreux utilisateurs. Tableau de comparaison POP3 IMAP &#x2026; <a href=\"https:\/\/support.pt.lu\/fr\/why-should-imap-be-preferred-over-pop\/\" class=\"more-link\">Continuer la lecture de <span class=\"screen-reader-text\">Pourquoi faut-il pr&#xE9;f&#xE9;rer IMAP &#xE0; POP ?<\/span>  <span class=\"meta-nav\">&#x2192;<\/span><\/a><\/p>\n","protected":false},"author":14,"featured_media":0,"parent":0,"menu_order":0,"comment_status":"closed","ping_status":"closed","template":"","meta":{"footnotes":""},"class_list":["post-2395","page","type-page","status-publish","hentry"],"translation":{"provider":"WPGlobus","version":"3.0.2","language":"fr","enabled_languages":["en","de","fr"],"languages":{"en":{"title":true,"content":true,"excerpt":false},"de":{"title":true,"content":true,"excerpt":false},"fr":{"title":true,"content":true,"excerpt":false}}},"_links":{"self":[{"href":"https:\/\/support.pt.lu\/fr\/wp-json\/wp\/v2\/pages\/2395","targetHints":{"allow":["GET"]}}],"collection":[{"href":"https:\/\/support.pt.lu\/fr\/wp-json\/wp\/v2\/pages"}],"about":[{"href":"https:\/\/support.pt.lu\/fr\/wp-json\/wp\/v2\/types\/page"}],"author":[{"embeddable":true,"href":"https:\/\/support.pt.lu\/fr\/wp-json\/wp\/v2\/users\/14"}],"replies":[{"embeddable":true,"href":"https:\/\/support.pt.lu\/fr\/wp-json\/wp\/v2\/comments?post=2395"}],"version-history":[{"count":7,"href":"https:\/\/support.pt.lu\/fr\/wp-json\/wp\/v2\/pages\/2395\/revisions"}],"predecessor-version":[{"id":2863,"href":"https:\/\/support.pt.lu\/fr\/wp-json\/wp\/v2\/pages\/2395\/revisions\/2863"}],"wp:attachment":[{"href":"https:\/\/support.pt.lu\/fr\/wp-json\/wp\/v2\/media?parent=2395"}],"curies":[{"name":"wp","href":"https:\/\/api.w.org\/{rel}","templated":true}]}}